{"id":21,"date":"2022-12-27T15:44:52","date_gmt":"2022-12-27T15:44:52","guid":{"rendered":"https:\/\/hticlinic.wpenginepowered.com\/?page_id=21"},"modified":"2025-03-06T18:36:31","modified_gmt":"2025-03-06T15:36:31","slug":"contacts","status":"publish","type":"page","link":"https:\/\/hairtransplantsistanbul.com\/ru\/contacts\/","title":{"rendered":"\u0421\u0432\u044f\u0436\u0438\u0442\u0435\u0441\u044c \u0441 \u043d\u0430\u043c\u0438"},"content":{"rendered":"\t\t<div data-elementor-type=\"wp-page\" data-elementor-id=\"21\" class=\"elementor elementor-21\">\n\t\t\t\t\t\t<section class=\"elementor-section elementor-top-section elementor-element elementor-element-5f4428b elementor-section-full_width elementor-section-height-default elementor-section-height-default\" data-id=\"5f4428b\" data-element_type=\"section\" data-settings=\"{&quot;background_background&quot;:&quot;classic&quot;}\">\n\t\t\t\t\t\t<div class=\"elementor-container elementor-column-gap-no\">\n\t\t\t\t\t<div class=\"elementor-column elementor-col-100 elementor-top-column elementor-element elementor-element-d98b9c4\" data-id=\"d98b9c4\" data-element_type=\"column\">\n\t\t\t<div class=\"elementor-widget-wrap elementor-element-populated\">\n\t\t\t\t\t\t<div class=\"elementor-element elementor-element-b8310af elementor-widget elementor-widget-google_maps\" data-id=\"b8310af\" data-element_type=\"widget\" data-widget_type=\"google_maps.default\">\n\t\t\t\t<div class=\"elementor-widget-container\">\n\t\t\t\t\t\t\t<div class=\"elementor-custom-embed\">\n\t\t\t<iframe loading=\"lazy\"\n\t\t\t\t\tsrc=\"https:\/\/maps.google.com\/maps?q=Dikilita%C5%9F%2C%20Yenido%C4%9Fan%20Sok.%20No%3A7%2C%2034349%20Be%C5%9Fikta%C5%9F%2F%C4%B0stanbul%2C%20T%C3%BCrkiye&#038;t=m&#038;z=15&#038;output=embed&#038;iwloc=near\"\n\t\t\t\t\ttitle=\"Dikilita\u015f, Yenido\u011fan Sok. No:7, 34349 Be\u015fikta\u015f\/\u0130stanbul, T\u00fcrkiye\"\n\t\t\t\t\taria-label=\"Dikilita\u015f, Yenido\u011fan Sok. No:7, 34349 Be\u015fikta\u015f\/\u0130stanbul, T\u00fcrkiye\"\n\t\t\t><\/iframe>\n\t\t<\/div>\n\t\t\t\t\t\t<\/div>\n\t\t\t\t<\/div>\n\t\t\t\t\t<\/div>\n\t\t<\/div>\n\t\t\t\t\t<\/div>\n\t\t<\/section>\n\t\t\t\t<section class=\"elementor-section elementor-top-section elementor-element elementor-element-23d10f4 elementor-section-boxed elementor-section-height-default elementor-section-height-default\" data-id=\"23d10f4\" data-element_type=\"section\" data-settings=\"{&quot;background_background&quot;:&quot;classic&quot;}\">\n\t\t\t\t\t\t<div class=\"elementor-container elementor-column-gap-no\">\n\t\t\t\t\t<div class=\"elementor-column elementor-col-50 elementor-top-column elementor-element elementor-element-483ccc6\" data-id=\"483ccc6\" data-element_type=\"column\">\n\t\t\t<div class=\"elementor-widget-wrap elementor-element-populated\">\n\t\t\t\t\t\t<div class=\"elementor-element elementor-element-75a4318 elementor-icon-list--layout-traditional elementor-list-item-link-full_width elementor-widget elementor-widget-icon-list\" data-id=\"75a4318\" data-element_type=\"widget\" data-widget_type=\"icon-list.default\">\n\t\t\t\t<div class=\"elementor-widget-container\">\n\t\t\t\t\t\t\t<ul class=\"elementor-icon-list-items\">\n\t\t\t\t\t\t\t<li class=\"elementor-icon-list-item\">\n\t\t\t\t\t\t\t\t\t\t\t<span class=\"elementor-icon-list-icon\">\n\t\t\t\t\t\t\t<i aria-hidden=\"true\" class=\"far fa-map\"><\/i>\t\t\t\t\t\t<\/span>\n\t\t\t\t\t\t\t\t\t\t<span class=\"elementor-icon-list-text\">Dikilita\u015f, Yenido\u011fan Sok. No:7, 34349 Be\u015fikta\u015f\/\u0130stanbul, T\u00fcrkiye<\/span>\n\t\t\t\t\t\t\t\t\t<\/li>\n\t\t\t\t\t\t\t\t<li class=\"elementor-icon-list-item\">\n\t\t\t\t\t\t\t\t\t\t\t<span class=\"elementor-icon-list-icon\">\n\t\t\t\t\t\t\t<i aria-hidden=\"true\" class=\"fas fa-phone-alt\"><\/i>\t\t\t\t\t\t<\/span>\n\t\t\t\t\t\t\t\t\t\t<span class=\"elementor-icon-list-text\">+90 212 909 1725<\/span>\n\t\t\t\t\t\t\t\t\t<\/li>\n\t\t\t\t\t\t\t\t<li class=\"elementor-icon-list-item\">\n\t\t\t\t\t\t\t\t\t\t\t<span class=\"elementor-icon-list-icon\">\n\t\t\t\t\t\t\t<i aria-hidden=\"true\" class=\"far fa-envelope\"><\/i>\t\t\t\t\t\t<\/span>\n\t\t\t\t\t\t\t\t\t\t<span class=\"elementor-icon-list-text\">hello@hairtransplantsistanbul.com<\/span>\n\t\t\t\t\t\t\t\t\t<\/li>\n\t\t\t\t\t\t<\/ul>\n\t\t\t\t\t\t<\/div>\n\t\t\t\t<\/div>\n\t\t\t\t\t<\/div>\n\t\t<\/div>\n\t\t\t\t<div class=\"elementor-column elementor-col-50 elementor-top-column elementor-element elementor-element-2648a69\" data-id=\"2648a69\" data-element_type=\"column\">\n\t\t\t<div class=\"elementor-widget-wrap elementor-element-populated\">\n\t\t\t\t\t\t<div class=\"elementor-element elementor-element-f3f3b1a elementor-button-align-stretch elementor-widget elementor-widget-form\" data-id=\"f3f3b1a\" data-element_type=\"widget\" data-settings=\"{&quot;step_next_label&quot;:&quot;Next&quot;,&quot;step_previous_label&quot;:&quot;Previous&quot;,&quot;button_width&quot;:&quot;100&quot;,&quot;step_type&quot;:&quot;number_text&quot;,&quot;step_icon_shape&quot;:&quot;circle&quot;}\" data-widget_type=\"form.default\">\n\t\t\t\t<div class=\"elementor-widget-container\">\n\t\t\t\t\t\t\t<form class=\"elementor-form\" method=\"post\" name=\"New Form\">\n\t\t\t<input type=\"hidden\" name=\"post_id\" value=\"21\"\/>\n\t\t\t<input type=\"hidden\" name=\"form_id\" value=\"f3f3b1a\"\/>\n\t\t\t<input type=\"hidden\" name=\"referer_title\" value=\"\u041f\u0435\u0440\u0435\u0441\u0430\u0434\u043a\u0430 \u0432\u043e\u043b\u043e\u0441 \u0432 \u0421\u0442\u0430\u043c\u0431\u0443\u043b\u0435 | \u0412\u0435\u0434\u0443\u0449\u0430\u044f \u043a\u043b\u0438\u043d\u0438\u043a\u0430 \u043f\u043e \u043f\u0435\u0440\u0435\u0441\u0430\u0434\u043a\u0435 \u0432\u043e\u043b\u043e\u0441 \u0432 \u0421\u0442\u0430\u043c\u0431\u0443\u043b\u0435\" \/>\n\n\t\t\t\n\t\t\t<div class=\"elementor-form-fields-wrapper elementor-labels-\">\n\t\t\t\t\t\t\t\t<div class=\"elementor-field-type-text elementor-field-group elementor-column elementor-field-group-firstname elementor-col-50 elementor-sm-50\">\n\t\t\t\t\t\t\t\t\t\t\t\t<label for=\"form-field-firstname\" class=\"elementor-field-label elementor-screen-only\">\n\t\t\t\t\t\t\t\t\u0418\u043c\u044f\t\t\t\t\t\t\t<\/label>\n\t\t\t\t\t\t\t\t\t\t\t\t\t\t<input size=\"1\" type=\"text\" name=\"form_fields[firstname]\" id=\"form-field-firstname\" class=\"elementor-field elementor-size-xs  elementor-field-textual\" placeholder=\"\u0418\u043c\u044f\">\n\t\t\t\t\t\t\t\t\t\t\t<\/div>\n\t\t\t\t\t\t\t\t<div class=\"elementor-field-type-text elementor-field-group elementor-column elementor-field-group-lastname elementor-col-50 elementor-sm-50\">\n\t\t\t\t\t\t\t\t\t\t\t\t<label for=\"form-field-lastname\" class=\"elementor-field-label elementor-screen-only\">\n\t\t\t\t\t\t\t\t\u0424\u0430\u043c\u0438\u043b\u0438\u044f\t\t\t\t\t\t\t<\/label>\n\t\t\t\t\t\t\t\t\t\t\t\t\t\t<input size=\"1\" type=\"text\" name=\"form_fields[lastname]\" id=\"form-field-lastname\" class=\"elementor-field elementor-size-xs  elementor-field-textual\" placeholder=\"\u0424\u0430\u043c\u0438\u043b\u0438\u044f\">\n\t\t\t\t\t\t\t\t\t\t\t<\/div>\n\t\t\t\t\t\t\t\t<div class=\"elementor-field-type-tel elementor-field-group elementor-column elementor-field-group-phone_number elementor-col-50 elementor-sm-50\">\n\t\t\t\t\t\t\t\t\t\t\t\t<label for=\"form-field-phone_number\" class=\"elementor-field-label elementor-screen-only\">\n\t\t\t\t\t\t\t\t\u041c\u043e\u0431\u0438\u043b\u044c\u043d\u044b\u0439 \u0442\u0435\u043b\u0435\u0444\u043e\u043d\t\t\t\t\t\t\t<\/label>\n\t\t\t\t\t\t\t\t<input size=\"1\" type=\"tel\" name=\"form_fields[phone_number]\" id=\"form-field-phone_number\" class=\"elementor-field elementor-size-xs  elementor-field-textual\" placeholder=\"\u041c\u043e\u0431\u0438\u043b\u044c\u043d\u044b\u0439 \u0442\u0435\u043b\u0435\u0444\u043e\u043d\" pattern=\"[0-9()#&amp;+*-=.]+\" title=\"Only numbers and phone characters (#, -, *, etc) are accepted.\">\n\n\t\t\t\t\t\t<\/div>\n\t\t\t\t\t\t\t\t<div class=\"elementor-field-type-email elementor-field-group elementor-column elementor-field-group-email elementor-col-50 elementor-sm-50\">\n\t\t\t\t\t\t\t\t\t\t\t\t<label for=\"form-field-email\" class=\"elementor-field-label elementor-screen-only\">\n\t\t\t\t\t\t\t\t\u042d\u043b\u0435\u043a\u0442\u0440\u043e\u043d\u043d\u0430\u044f \u043f\u043e\u0447\u0442\u0430\t\t\t\t\t\t\t<\/label>\n\t\t\t\t\t\t\t\t\t\t\t\t\t\t<input size=\"1\" type=\"email\" name=\"form_fields[email]\" id=\"form-field-email\" class=\"elementor-field elementor-size-xs  elementor-field-textual\" placeholder=\"\u042d\u043b\u0435\u043a\u0442\u0440\u043e\u043d\u043d\u0430\u044f \u043f\u043e\u0447\u0442\u0430\">\n\t\t\t\t\t\t\t\t\t\t\t<\/div>\n\t\t\t\t\t\t\t\t<div class=\"elementor-field-type-textarea elementor-field-group elementor-column elementor-field-group-message elementor-col-100\">\n\t\t\t\t\t\t\t\t\t\t\t\t<label for=\"form-field-message\" class=\"elementor-field-label elementor-screen-only\">\n\t\t\t\t\t\t\t\t\u0421\u043e\u043e\u0431\u0449\u0435\u043d\u0438\u0435\/\u0412\u043e\u043f\u0440\u043e\u0441\t\t\t\t\t\t\t<\/label>\n\t\t\t\t\t\t<textarea class=\"elementor-field-textual elementor-field  elementor-size-xs\" name=\"form_fields[message]\" id=\"form-field-message\" rows=\"4\" placeholder=\"\u0421\u043e\u043e\u0431\u0449\u0435\u043d\u0438\u0435\/\u0412\u043e\u043f\u0440\u043e\u0441\"><\/textarea>\t\t\t\t<\/div>\n\t\t\t\t\t\t\t\t<div class=\"elementor-field-type-recaptcha_v3 elementor-field-group elementor-column elementor-field-group-field_85ff225 elementor-col-100 recaptcha_v3-bottomright\">\n\t\t\t\t\t<div class=\"elementor-field\" id=\"form-field-field_85ff225\"><div class=\"elementor-g-recaptcha\" data-sitekey=\"6Lc_r-sqAAAAAGW5Hykgaco5qnu-Fjy95EaYeXKW\" data-type=\"v3\" data-action=\"Form\" data-badge=\"bottomright\" data-size=\"invisible\"><\/div><\/div>\t\t\t\t<\/div>\n\t\t\t\t\t\t\t\t<div class=\"elementor-field-group elementor-column elementor-field-type-submit elementor-col-100 e-form__buttons\">\n\t\t\t\t\t<button type=\"submit\" class=\"elementor-button elementor-size-xs\">\n\t\t\t\t\t\t<span >\n\t\t\t\t\t\t\t\t\t\t\t\t\t\t\t<span class=\" elementor-button-icon\">\n\t\t\t\t\t\t\t\t\t\t\t\t\t\t\t\t\t\t\t\t\t\t\t\t\t\t<\/span>\n\t\t\t\t\t\t\t\t\t\t\t\t\t\t\t\t\t\t\t\t\t\t<span class=\"elementor-button-text\">\u041e\u0442\u043f\u0440\u0430\u0432\u0438\u0442\u044c<\/span>\n\t\t\t\t\t\t\t\t\t\t\t\t\t<\/span>\n\t\t\t\t\t<\/button>\n\t\t\t\t<\/div>\n\t\t\t<\/div>\n\t\t<\/form>\n\t\t\t\t\t\t<\/div>\n\t\t\t\t<\/div>\n\t\t\t\t\t<\/div>\n\t\t<\/div>\n\t\t\t\t\t<\/div>\n\t\t<\/section>\n\t\t\t\t<\/div>\n\t\t","protected":false},"excerpt":{"rendered":"<p>Dikilita\u015f, Yenido\u011fan Sok. No:7, 34349 Be\u015fikta\u015f\/\u0130stanbul, T\u00fcrkiye +90 212 909 1725 hello@hairtransplantsistanbul.com<\/p>\n","protected":false},"author":2,"featured_media":0,"parent":0,"menu_order":0,"comment_status":"closed","ping_status":"closed","template":"elementor_header_footer","meta":{"footnotes":""},"class_list":["post-21","page","type-page","status-publish"],"yoast_head":"<!-- This site is optimized with the Yoast SEO plugin v24.4 - https:\/\/yoast.com\/wordpress\/plugins\/seo\/ -->\n<title>Contact Hair Transplants Istanbul Team<\/title>\n<meta name=\"robots\" content=\"index, follow, max-snippet:-1, max-image-preview:large, max-video-preview:-1\" \/>\n<link rel=\"canonical\" href=\"https:\/\/hairtransplantsistanbul.com\/ru\/contacts\/\" \/>\n<meta property=\"og:locale\" content=\"ru_RU\" \/>\n<meta property=\"og:type\" content=\"article\" \/>\n<meta property=\"og:title\" content=\"Contact Hair Transplants Istanbul Team\" \/>\n<meta property=\"og:description\" content=\"Dikilita\u015f, Yenido\u011fan Sok. No:7, 34349 Be\u015fikta\u015f\/\u0130stanbul, T\u00fcrkiye +90 212 909 1725 hello@hairtransplantsistanbul.com\" \/>\n<meta property=\"og:url\" content=\"https:\/\/hairtransplantsistanbul.com\/ru\/contacts\/\" \/>\n<meta property=\"og:site_name\" content=\"\u041f\u0435\u0440\u0435\u0441\u0430\u0434\u043a\u0430 \u0432\u043e\u043b\u043e\u0441 \u0432 \u0421\u0442\u0430\u043c\u0431\u0443\u043b\u0435 | \u0412\u0435\u0434\u0443\u0449\u0430\u044f \u043a\u043b\u0438\u043d\u0438\u043a\u0430 \u043f\u043e \u043f\u0435\u0440\u0435\u0441\u0430\u0434\u043a\u0435 \u0432\u043e\u043b\u043e\u0441 \u0432 \u0421\u0442\u0430\u043c\u0431\u0443\u043b\u0435\" \/>\n<meta property=\"article:publisher\" content=\"https:\/\/www.facebook.com\/hairtransplantsistanbul\" \/>\n<meta property=\"article:modified_time\" content=\"2025-03-06T15:36:31+00:00\" \/>\n<meta property=\"og:image\" content=\"https:\/\/hairtransplantsistanbul.com\/ru\/wp-content\/uploads\/2023\/04\/Why-Hair-Transplant-Istanbul-is-1-in-the-World-3.jpg\" \/>\n\t<meta property=\"og:image:width\" content=\"1200\" \/>\n\t<meta property=\"og:image:height\" content=\"628\" \/>\n\t<meta property=\"og:image:type\" content=\"image\/jpeg\" \/>\n<meta name=\"twitter:card\" content=\"summary_large_image\" \/>\n<meta name=\"twitter:label1\" content=\"Est. reading time\" \/>\n\t<meta name=\"twitter:data1\" content=\"1 \u043c\u0438\u043d\u0443\u0442\u0430\" \/>\n<script type=\"application\/ld+json\" class=\"yoast-schema-graph\">{\"@context\":\"https:\/\/schema.org\",\"@graph\":[{\"@type\":\"WebPage\",\"@id\":\"https:\/\/hairtransplantsistanbul.com\/ru\/contacts\/\",\"url\":\"https:\/\/hairtransplantsistanbul.com\/ru\/contacts\/\",\"name\":\"Contact Hair Transplants Istanbul Team\",\"isPartOf\":{\"@id\":\"https:\/\/www.peresadkavolosvstambule.ru\/#website\"},\"datePublished\":\"2022-12-27T15:44:52+00:00\",\"dateModified\":\"2025-03-06T15:36:31+00:00\",\"breadcrumb\":{\"@id\":\"https:\/\/hairtransplantsistanbul.com\/ru\/contacts\/#breadcrumb\"},\"inLanguage\":\"ru-RU\",\"potentialAction\":[{\"@type\":\"ReadAction\",\"target\":[\"https:\/\/hairtransplantsistanbul.com\/ru\/contacts\/\"]}]},{\"@type\":\"BreadcrumbList\",\"@id\":\"https:\/\/hairtransplantsistanbul.com\/ru\/contacts\/#breadcrumb\",\"itemListElement\":[{\"@type\":\"ListItem\",\"position\":1,\"name\":\"Home\",\"item\":\"https:\/\/hairtransplantsistanbul.com\/ru\/\"},{\"@type\":\"ListItem\",\"position\":2,\"name\":\"\u0421\u0432\u044f\u0436\u0438\u0442\u0435\u0441\u044c \u0441 \u043d\u0430\u043c\u0438\"}]},{\"@type\":\"WebSite\",\"@id\":\"https:\/\/www.peresadkavolosvstambule.ru\/#website\",\"url\":\"https:\/\/www.peresadkavolosvstambule.ru\/\",\"name\":\"Hair Transplants Istanbul\",\"description\":\"\u041d\u0430\u0433\u0440\u0430\u0436\u0434\u0435\u043d\u043d\u0430\u044f \u043a\u043b\u0438\u043d\u0438\u043a\u0430 \u043f\u043e \u043f\u0435\u0440\u0435\u0441\u0430\u0434\u043a\u0435 \u0432\u043e\u043b\u043e\u0441 \u0432 \u0422\u0443\u0440\u0446\u0438\u0438\",\"publisher\":{\"@id\":\"https:\/\/www.peresadkavolosvstambule.ru\/#organization\"},\"alternateName\":\"HTI Clinic\",\"potentialAction\":[{\"@type\":\"SearchAction\",\"target\":{\"@type\":\"EntryPoint\",\"urlTemplate\":\"https:\/\/www.peresadkavolosvstambule.ru\/?s={search_term_string}\"},\"query-input\":{\"@type\":\"PropertyValueSpecification\",\"valueRequired\":true,\"valueName\":\"search_term_string\"}}],\"inLanguage\":\"ru-RU\"},{\"@type\":\"Organization\",\"@id\":\"https:\/\/www.peresadkavolosvstambule.ru\/#organization\",\"name\":\"Hair Transplants Istanbul\",\"alternateName\":\"HTI Clinic\",\"url\":\"https:\/\/www.peresadkavolosvstambule.ru\/\",\"logo\":{\"@type\":\"ImageObject\",\"inLanguage\":\"ru-RU\",\"@id\":\"https:\/\/www.peresadkavolosvstambule.ru\/#\/schema\/logo\/image\/\",\"url\":\"https:\/\/hticlinic.wpenginepowered.com\/wp-content\/uploads\/2023\/03\/htlogo-02-1.png\",\"contentUrl\":\"https:\/\/hticlinic.wpenginepowered.com\/wp-content\/uploads\/2023\/03\/htlogo-02-1.png\",\"width\":4501,\"height\":4501,\"caption\":\"Hair Transplants Istanbul\"},\"image\":{\"@id\":\"https:\/\/www.peresadkavolosvstambule.ru\/#\/schema\/logo\/image\/\"},\"sameAs\":[\"https:\/\/www.facebook.com\/hairtransplantsistanbul\",\"https:\/\/www.instagram.com\/istanbulhairtransplants\/\"]}]}<\/script>\n<!-- \/ Yoast SEO plugin. -->","yoast_head_json":{"title":"Contact Hair Transplants Istanbul Team","robots":{"index":"index","follow":"follow","max-snippet":"max-snippet:-1","max-image-preview":"max-image-preview:large","max-video-preview":"max-video-preview:-1"},"canonical":"https:\/\/hairtransplantsistanbul.com\/ru\/contacts\/","og_locale":"ru_RU","og_type":"article","og_title":"Contact Hair Transplants Istanbul Team","og_description":"Dikilita\u015f, Yenido\u011fan Sok. No:7, 34349 Be\u015fikta\u015f\/\u0130stanbul, T\u00fcrkiye +90 212 909 1725 hello@hairtransplantsistanbul.com","og_url":"https:\/\/hairtransplantsistanbul.com\/ru\/contacts\/","og_site_name":"\u041f\u0435\u0440\u0435\u0441\u0430\u0434\u043a\u0430 \u0432\u043e\u043b\u043e\u0441 \u0432 \u0421\u0442\u0430\u043c\u0431\u0443\u043b\u0435 | \u0412\u0435\u0434\u0443\u0449\u0430\u044f \u043a\u043b\u0438\u043d\u0438\u043a\u0430 \u043f\u043e \u043f\u0435\u0440\u0435\u0441\u0430\u0434\u043a\u0435 \u0432\u043e\u043b\u043e\u0441 \u0432 \u0421\u0442\u0430\u043c\u0431\u0443\u043b\u0435","article_publisher":"https:\/\/www.facebook.com\/hairtransplantsistanbul","article_modified_time":"2025-03-06T15:36:31+00:00","og_image":[{"width":1200,"height":628,"url":"https:\/\/hairtransplantsistanbul.com\/ru\/wp-content\/uploads\/2023\/04\/Why-Hair-Transplant-Istanbul-is-1-in-the-World-3.jpg","type":"image\/jpeg"}],"twitter_card":"summary_large_image","twitter_misc":{"Est. reading time":"1 \u043c\u0438\u043d\u0443\u0442\u0430"},"schema":{"@context":"https:\/\/schema.org","@graph":[{"@type":"WebPage","@id":"https:\/\/hairtransplantsistanbul.com\/ru\/contacts\/","url":"https:\/\/hairtransplantsistanbul.com\/ru\/contacts\/","name":"Contact Hair Transplants Istanbul Team","isPartOf":{"@id":"https:\/\/www.peresadkavolosvstambule.ru\/#website"},"datePublished":"2022-12-27T15:44:52+00:00","dateModified":"2025-03-06T15:36:31+00:00","breadcrumb":{"@id":"https:\/\/hairtransplantsistanbul.com\/ru\/contacts\/#breadcrumb"},"inLanguage":"ru-RU","potentialAction":[{"@type":"ReadAction","target":["https:\/\/hairtransplantsistanbul.com\/ru\/contacts\/"]}]},{"@type":"BreadcrumbList","@id":"https:\/\/hairtransplantsistanbul.com\/ru\/contacts\/#breadcrumb","itemListElement":[{"@type":"ListItem","position":1,"name":"Home","item":"https:\/\/hairtransplantsistanbul.com\/ru\/"},{"@type":"ListItem","position":2,"name":"\u0421\u0432\u044f\u0436\u0438\u0442\u0435\u0441\u044c \u0441 \u043d\u0430\u043c\u0438"}]},{"@type":"WebSite","@id":"https:\/\/www.peresadkavolosvstambule.ru\/#website","url":"https:\/\/www.peresadkavolosvstambule.ru\/","name":"Hair Transplants Istanbul","description":"\u041d\u0430\u0433\u0440\u0430\u0436\u0434\u0435\u043d\u043d\u0430\u044f \u043a\u043b\u0438\u043d\u0438\u043a\u0430 \u043f\u043e \u043f\u0435\u0440\u0435\u0441\u0430\u0434\u043a\u0435 \u0432\u043e\u043b\u043e\u0441 \u0432 \u0422\u0443\u0440\u0446\u0438\u0438","publisher":{"@id":"https:\/\/www.peresadkavolosvstambule.ru\/#organization"},"alternateName":"HTI Clinic","potentialAction":[{"@type":"SearchAction","target":{"@type":"EntryPoint","urlTemplate":"https:\/\/www.peresadkavolosvstambule.ru\/?s={search_term_string}"},"query-input":{"@type":"PropertyValueSpecification","valueRequired":true,"valueName":"search_term_string"}}],"inLanguage":"ru-RU"},{"@type":"Organization","@id":"https:\/\/www.peresadkavolosvstambule.ru\/#organization","name":"Hair Transplants Istanbul","alternateName":"HTI Clinic","url":"https:\/\/www.peresadkavolosvstambule.ru\/","logo":{"@type":"ImageObject","inLanguage":"ru-RU","@id":"https:\/\/www.peresadkavolosvstambule.ru\/#\/schema\/logo\/image\/","url":"https:\/\/hticlinic.wpenginepowered.com\/wp-content\/uploads\/2023\/03\/htlogo-02-1.png","contentUrl":"https:\/\/hticlinic.wpenginepowered.com\/wp-content\/uploads\/2023\/03\/htlogo-02-1.png","width":4501,"height":4501,"caption":"Hair Transplants Istanbul"},"image":{"@id":"https:\/\/www.peresadkavolosvstambule.ru\/#\/schema\/logo\/image\/"},"sameAs":["https:\/\/www.facebook.com\/hairtransplantsistanbul","https:\/\/www.instagram.com\/istanbulhairtransplants\/"]}]}},"_links":{"self":[{"href":"https:\/\/hairtransplantsistanbul.com\/ru\/wp-json\/wp\/v2\/pages\/21","targetHints":{"allow":["GET"]}}],"collection":[{"href":"https:\/\/hairtransplantsistanbul.com\/ru\/wp-json\/wp\/v2\/pages"}],"about":[{"href":"https:\/\/hairtransplantsistanbul.com\/ru\/wp-json\/wp\/v2\/types\/page"}],"author":[{"embeddable":true,"href":"https:\/\/hairtransplantsistanbul.com\/ru\/wp-json\/wp\/v2\/users\/2"}],"replies":[{"embeddable":true,"href":"https:\/\/hairtransplantsistanbul.com\/ru\/wp-json\/wp\/v2\/comments?post=21"}],"version-history":[{"count":0,"href":"https:\/\/hairtransplantsistanbul.com\/ru\/wp-json\/wp\/v2\/pages\/21\/revisions"}],"wp:attachment":[{"href":"https:\/\/hairtransplantsistanbul.com\/ru\/wp-json\/wp\/v2\/media?parent=21"}],"curies":[{"name":"wp","href":"https:\/\/api.w.org\/{rel}","templated":true}]}}